{"id":30016,"date":"2023-12-22T17:33:34","date_gmt":"2023-12-22T16:33:34","guid":{"rendered":"https:\/\/h-development.ch\/auto-draft\/"},"modified":"2025-06-10T15:07:37","modified_gmt":"2025-06-10T13:07:37","slug":"events","status":"publish","type":"page","link":"https:\/\/h-development.ch\/en\/events\/","title":{"rendered":"Events"},"content":{"rendered":"\n\t<div id=\"gap-149798371\" class=\"gap-element clearfix\" style=\"display:block; height:auto;\">\n\t\t\n<style>\n#gap-149798371 {\n  padding-top: 30px;\n}\n<\/style>\n\t<\/div>\n\t\n\n<div class=\"row row-full-width\"  id=\"row-915574393\">\n\n\n\t<div id=\"col-1165307733\" class=\"col small-12 large-12\"  >\n\t\t\t\t<div class=\"col-inner\"  >\n\t\t\t\n\t\t\t\n\n\n\t<section class=\"section dark\" id=\"section_1346634992\">\n\t\t<div class=\"section-bg fill\" >\n\t\t\t<img loading=\"lazy\" decoding=\"async\" width=\"1500\" height=\"1000\" src=\"https:\/\/h-development.ch\/wp-content\/uploads\/2023\/12\/bruno-nascimento-9XTyIiFceKM-unsplash.jpg\" class=\"bg attachment- size-\" alt=\"\" \/>\t\t\t\t\t\t<div class=\"section-bg-overlay absolute fill\"><\/div>\n\t\t\t\n\n\t\t<\/div>\n\n\t\t\n\n\t\t<div class=\"section-content relative\">\n\t\t\t\n\n\t<div id=\"gap-2044729002\" class=\"gap-element clearfix\" style=\"display:block; height:auto;\">\n\t\t\n<style>\n#gap-2044729002 {\n  padding-top: 50px;\n}\n<\/style>\n\t<\/div>\n\t\n\n<div class=\"row align-center\"  id=\"row-659320539\">\n\n\n\t<div id=\"col-87540051\" class=\"col medium-9 small-12 large-7\"  >\n\t\t\t\t<div class=\"col-inner text-center\"  >\n\t\t\t\n\t\t\t\n\n\t<div id=\"text-584179639\" class=\"text\">\n\t\t\n\n<h2 class=\"uppercase\">prochains \u00e9v\u00e9nements<\/h2>\n\t\t\n<style>\n#text-584179639 {\n  font-size: 1.5rem;\n  text-align: left;\n}\n<\/style>\n\t<\/div>\n\t\n\t<div id=\"text-195531273\" class=\"text\">\n\t\t\n\n<p>Nous nous d\u00e9pla\u00e7ons r\u00e9guli\u00e8rement et souhaitons en profiter pour vous offrir l&#8217;opportunit\u00e9 de nous rencontrer pour discuter de votre projet et de nos services.<\/p>\n\t\t\n<style>\n#text-195531273 {\n  text-align: left;\n}\n<\/style>\n\t<\/div>\n\t\n\n\t\t<\/div>\n\t\t\t\t\t<\/div>\n\n\t\n\n<\/div>\n\n\t\t<\/div>\n\n\t\t\n<style>\n#section_1346634992 {\n  padding-top: 30px;\n  padding-bottom: 30px;\n  min-height: 450px;\n}\n#section_1346634992 .section-bg-overlay {\n  background-color: rgba(0, 0, 0, 0.25);\n}\n#section_1346634992 .section-bg img {\n  object-position: 61% 78%;\n}\n@media (min-width:550px) {\n  #section_1346634992 {\n    min-height: 500px;\n  }\n}\n<\/style>\n\t<\/section>\n\t\n\n\t\t<\/div>\n\t\t\t\t\t<\/div>\n\n\t\n\n<\/div>\n\n\n\n","protected":false},"excerpt":{"rendered":"","protected":false},"author":2,"featured_media":0,"parent":0,"menu_order":0,"comment_status":"closed","ping_status":"closed","template":"page-blank.php","meta":{"footnotes":""},"class_list":["post-30016","page","type-page","status-publish","hentry"],"_links":{"self":[{"href":"https:\/\/h-development.ch\/en\/wp-json\/wp\/v2\/pages\/30016","targetHints":{"allow":["GET"]}}],"collection":[{"href":"https:\/\/h-development.ch\/en\/wp-json\/wp\/v2\/pages"}],"about":[{"href":"https:\/\/h-development.ch\/en\/wp-json\/wp\/v2\/types\/page"}],"author":[{"embeddable":true,"href":"https:\/\/h-development.ch\/en\/wp-json\/wp\/v2\/users\/2"}],"replies":[{"embeddable":true,"href":"https:\/\/h-development.ch\/en\/wp-json\/wp\/v2\/comments?post=30016"}],"version-history":[{"count":45,"href":"https:\/\/h-development.ch\/en\/wp-json\/wp\/v2\/pages\/30016\/revisions"}],"predecessor-version":[{"id":30159,"href":"https:\/\/h-development.ch\/en\/wp-json\/wp\/v2\/pages\/30016\/revisions\/30159"}],"wp:attachment":[{"href":"https:\/\/h-development.ch\/en\/wp-json\/wp\/v2\/media?parent=30016"}],"curies":[{"name":"wp","href":"https:\/\/api.w.org\/{rel}","templated":true}]}}